{"id":93,"date":"2019-10-12T19:01:41","date_gmt":"2019-10-12T19:01:41","guid":{"rendered":"http:\/\/jannotta-schneider.de\/?page_id=93"},"modified":"2019-10-12T19:04:15","modified_gmt":"2019-10-12T19:04:15","slug":"impressum-datenschutz","status":"publish","type":"page","link":"http:\/\/jannotta-schneider.de\/en\/impressum-datenschutz\/","title":{"rendered":"Impressum | Datenschutz"},"content":{"rendered":"<p id=\"u388-5\">Angaben gem\u00e4\u00df \u00a7 5 TMG<\/p>\n<p id=\"u388-6\">\u00a0<\/p>\n<p id=\"u388-8\">Verantwortlich f\u00fcr den Inhalt nach \u00a7 55 Abs. 2 RStV:<\/p>\n<p id=\"u388-10\">Joan Schneider, Hohenesterstrasse 18, 81245 M\u00fcnchen<\/p>\n<p id=\"u388-13\">Telefon: 089 \/ 86 31 275; E-Mail: info@jannotta-schneider.de<\/p>\n<h2>Datenschutzerkl\u00e4rung<\/h2>\n<p>Der Schutz Ihrer pers\u00f6nlichen Daten ist uns ein besonderes Anliegen. Wir verarbeiten Ihre Daten daher ausschlie\u00dflich auf Grundlage der gesetzlichen Bestimmungen (DSGVO, TMG). In diesen Datenschutzinformationen informieren wir Sie \u00fcber die wichtigsten Aspekte der Datenverarbeitung im Rahmen unserer Website.<\/p>\n<h4>Kontakt mit uns<\/h4>\n<p>Wenn Sie per Formular auf der Website oder per E-Mail Kontakt mit uns aufnehmen, werden Ihre angegebenen Daten zwecks Bearbeitung der Anfrage und f\u00fcr den Fall von Anschlussfragen sechs Monate bei uns gespeichert.<\/p>\n<h4>Datenl\u00f6schung und Speicherung<\/h4>\n<p>Ihre personenbezogenen Daten werden gel\u00f6scht oder gesperrt, sobald der Zweck der Speicherung entf\u00e4llt. Eine l\u00e4ngere Speicherung kann dann erfolgen, wenn der L\u00f6schung eine gesetzliche Aufbewahrungsfrist z.B. aus der Abgabenordnung oder dem HGB entgegensteht. Eine Weitergabe an Dritte erfolgt nicht.<\/p>\n<h4>Externe Links<\/h4>\n<p>Unser Angebot enth\u00e4lt Links zu externen Webseiten Dritter, auf deren Inhalte wir keinen Einfluss haben. Deshalb k\u00f6nnen wir f\u00fcr diese fremden Inhalte auch keine Gew\u00e4hr \u00fcbernehmen. F\u00fcr die Inhalte der verlinkten Seiten ist stets der jeweilige Anbieter oder Betreiber der Seiten verantwortlich. Die verlinkten Seiten wurden zum Zeitpunkt der Verlinkung auf m\u00f6gliche Rechtsverst\u00f6\u00dfe \u00fcberpr\u00fcft. Rechtswidrige Inhalte waren zum Zeitpunkt der Verlinkung nicht erkennbar. Eine permanente inhaltliche Kontrolle der verlinkten Seiten ist jedoch ohne konkrete Anhaltspunkte einer Rechtsverletzung nicht zumutbar. Bei bekannt werden von Rechtsverletzungen werden wir derartige Links umgehend entfernen.<\/p>\n<h4>Verwendung von Cookies<\/h4>\n<p>Unsere Website kann so genannte Cookies verwenden. Dabei handelt es sich um kleine Textdateien, die mit Hilfe des Browsers auf Ihrem Endger\u00e4t abgelegt werden. Sie richten keinen Schaden an.<\/p>\n<p>Wir nutzen Cookies nur dazu, unser Angebot nutzerfreundlich zu gestalten. Einige Cookies bleiben auf Ihrem Endger\u00e4t gespeichert, bis Sie diese l\u00f6schen. Sie erm\u00f6glichen es uns, Ihren Browser beim n\u00e4chsten Besuch wiederzuerkennen.<\/p>\n<p>Wenn Sie dies nicht w\u00fcnschen, so k\u00f6nnen Sie Ihren Browser so einrichten, dass er Sie \u00fcber das Setzen von Cookies informiert und Sie dies nur im Einzelfall erlauben.<\/p>\n<p>Bei der Deaktivierung von Cookies kann die Funktionalit\u00e4t unserer Website eingeschr\u00e4nkt sein.<\/p>\n<h4>Rechtsgrundlage<\/h4>\n<p>Die Datenverarbeitung erfolgt auf Basis der gesetzlichen Bestimmungen und folgender Rechtsgrundlagen:<\/p>\n<ul>\n<li>Einwilligung<\/li>\n<li>Vertragserf\u00fcllung oder vorvertragliche Ma\u00dfnahmen<\/li>\n<li>rechtliche Verpflichtungen<\/li>\n<li>Zur Wahrung eines berechtigten Interesses, die Interessen, Grundrechte und Grundfreiheiten der Betroffenen \u00fcberwiegen das erstgenannte Interesse nicht.<\/li>\n<\/ul>\n<p>Unser Anliegen im Sinne der DSGVO (berechtigtes Interesse) ist die Verbesserung unseres Angebotes und unseres Webauftritts. Da uns die Privatsph\u00e4re unserer Nutzer wichtig ist, werden die Nutzerdaten pseudonymisiert.<\/p>\n<h4>Ihre Rechte<\/h4>\n<p>Ihnen stehen grunds\u00e4tzlich die Rechte auf Auskunft, Berichtigung, L\u00f6schung, Einschr\u00e4nkung, Daten\u00fcbertragbarkeit, Widerruf und Widerspruch zu. Wenn Sie glauben, dass die Verarbeitung Ihrer Daten gegen das Datenschutzrecht verst\u00f6\u00dft oder Ihre datenschutzrechtlichen Anspr\u00fcche sonst in einer Weise verletzt worden sind, k\u00f6nnen Sie sich bei der Aufsichtsbeh\u00f6rde beschweren. In Deutschland sind dies die jeweiligen Landes Datenschutzbeauftragten.<\/p>\n<h4>Sie erreichen uns unter folgenden Kontaktdaten:<\/h4>\n<p>E-Mail:<br \/>info@jannotta-schneider.de<\/p>\n<p>Postadresse:<br \/>Joan Schneider<br \/>Hohensterstrasse 18<br \/>81245 M\u00fcnchen<\/p>\n<p>Telefon: 089 &#8211; 8631275<\/p>\n","protected":false},"excerpt":{"rendered":"<p>Angaben gem\u00e4\u00df \u00a7 5 TMG \u00a0 Verantwortlich f\u00fcr den Inhalt nach \u00a7 55 Abs. 2 RStV: Joan Schneider, Hohenesterstrasse 18, 81245 M\u00fcnchen Telefon: 089 \/ 86 31 275; E-Mail: info@jannotta-schneider.de Datenschutzerkl\u00e4rung Der Schutz Ihrer pers\u00f6nlichen Daten ist uns ein besonderes Anliegen. Wir verarbeiten Ihre Daten daher ausschlie\u00dflich auf Grundlage der gesetzlichen Bestimmungen (DSGVO, TMG). In &hellip; <\/p>\n<p class=\"link-more\"><a href=\"http:\/\/jannotta-schneider.de\/en\/impressum-datenschutz\/\" class=\"more-link\">Continue reading<span class=\"screen-reader-text\"> &#8220;Impressum | Datenschutz&#8221;<\/span><\/a><\/p>\n","protected":false},"author":2,"featured_media":0,"parent":0,"menu_order":0,"comment_status":"closed","ping_status":"open","template":"","meta":[],"translation":{"provider":"WPGlobus","version":"3.0.1","language":"en","enabled_languages":["de","en"],"languages":{"de":{"title":true,"content":true,"excerpt":false},"en":{"title":false,"content":false,"excerpt":false}}},"_links":{"self":[{"href":"http:\/\/jannotta-schneider.de\/en\/wp-json\/wp\/v2\/pages\/93"}],"collection":[{"href":"http:\/\/jannotta-schneider.de\/en\/wp-json\/wp\/v2\/pages"}],"about":[{"href":"http:\/\/jannotta-schneider.de\/en\/wp-json\/wp\/v2\/types\/page"}],"author":[{"embeddable":true,"href":"http:\/\/jannotta-schneider.de\/en\/wp-json\/wp\/v2\/users\/2"}],"replies":[{"embeddable":true,"href":"http:\/\/jannotta-schneider.de\/en\/wp-json\/wp\/v2\/comments?post=93"}],"version-history":[{"count":3,"href":"http:\/\/jannotta-schneider.de\/en\/wp-json\/wp\/v2\/pages\/93\/revisions"}],"predecessor-version":[{"id":96,"href":"http:\/\/jannotta-schneider.de\/en\/wp-json\/wp\/v2\/pages\/93\/revisions\/96"}],"wp:attachment":[{"href":"http:\/\/jannotta-schneider.de\/en\/wp-json\/wp\/v2\/media?parent=93"}],"curies":[{"name":"wp","href":"https:\/\/api.w.org\/{rel}","templated":true}]}}